{"id":1499,"date":"2022-12-27T19:12:50","date_gmt":"2022-12-27T18:12:50","guid":{"rendered":"https:\/\/ics.science.upjs.sk\/adui\/?page_id=1499"},"modified":"2023-01-04T20:09:05","modified_gmt":"2023-01-04T19:09:05","slug":"christmas-datasecurity-day-fotogaleria","status":"publish","type":"page","link":"https:\/\/ics.science.upjs.sk\/adui\/christmas-datasecurity-day-fotogaleria\/","title":{"rendered":"Christmas Data&amp;Security Day &#8211; fotogal\u00e9ria"},"content":{"rendered":"\r\n<p class=\"has-background\" style=\"background-color: #e0e0e0\" data-darkreader-inline-bgcolor=\"\">Viano\u010dn\u00fd Data&amp;Security Day\u00a0 sa konal 10.12.2022 v Michalovciach. Panovala v\u00fdborn\u00e1 atmosf\u00e9ra, pre \u00fa\u010dastn\u00edkov bola pripraven\u00e1 p\u00fatav\u00e1 \u00favodn\u00e1 predn\u00e1\u0161ka, zauj\u00edmav\u00e9 workshopy a Pub Quiz (<a href=\"https:\/\/ics.science.upjs.sk\/adui\/christmasdatasecurityday\/\" target=\"_blank\" rel=\"noopener\">podrobnosti programu<\/a>).<\/p>\r\n\r\n<div class=\"wp-block-spacer\" style=\"height: 5px\" aria-hidden=\"true\">\u00a0<\/div>\r\n\r\n\r\n\r\n<p class=\"has-background\" style=\"background-color: #50adc0\" data-darkreader-inline-bgcolor=\"\"><strong>M\u00f4\u017eete si pozrie\u0165 fotky z tohto sobot\u0148aj\u0161ieho stretnutia \ud83d\ude42<\/strong><\/p>\r\n\r\n\r\n\r\n<div class=\"wp-block-spacer\" style=\"height: 30px\" aria-hidden=\"true\">\u00a0<\/div>\r\n\r\n\r\n\r\n<figure class=\"wp-block-gallery columns-3 is-cropped wp-block-gallery-1 is-layout-flex wp-block-gallery-is-layout-flex\">\r\n<ul class=\"blocks-gallery-grid\">\r\n<li class=\"blocks-gallery-item\">\r\n<figure><img fetchpriority=\"high\" decoding=\"async\" class=\"alignnone wp-image-1511 size-full\" src=\"https:\/\/ics.science.upjs.sk\/adui\/wp-content\/uploads\/sites\/10\/2022\/12\/IMG_7553-scaled.jpg\" alt=\"\" width=\"2560\" height=\"1440\" data-id=\"394\" data-full-url=\"https:\/\/ics.science.upjs.sk\/adui\/wp-content\/uploads\/sites\/10\/2020\/03\/84526820_209199543792109_5395515973694390272_o_209199530458777.jpg\" data-link=\"https:\/\/ics.science.upjs.sk\/adui\/?attachment_id=394\" srcset=\"https:\/\/ics.science.upjs.sk\/adui\/wp-content\/uploads\/sites\/10\/2022\/12\/IMG_7553-scaled.jpg 2560w, https:\/\/ics.science.upjs.sk\/adui\/wp-content\/uploads\/sites\/10\/2022\/12\/IMG_7553-300x169.jpg 300w, https:\/\/ics.science.upjs.sk\/adui\/wp-content\/uploads\/sites\/10\/2022\/12\/IMG_7553-1024x576.jpg 1024w, https:\/\/ics.science.upjs.sk\/adui\/wp-content\/uploads\/sites\/10\/2022\/12\/IMG_7553-768x432.jpg 768w, https:\/\/ics.science.upjs.sk\/adui\/wp-content\/uploads\/sites\/10\/2022\/12\/IMG_7553-1536x864.jpg 1536w, https:\/\/ics.science.upjs.sk\/adui\/wp-content\/uploads\/sites\/10\/2022\/12\/IMG_7553-2048x1152.jpg 2048w\" sizes=\"(max-width: 2560px) 100vw, 2560px\" \/><\/figure>\r\n<\/li>\r\n<li class=\"blocks-gallery-item\">\r\n<figure><img decoding=\"async\" class=\"alignnone wp-image-1506 size-full\" src=\"https:\/\/ics.science.upjs.sk\/adui\/wp-content\/uploads\/sites\/10\/2022\/12\/IMG_7548_jpg-scaled.jpg\" alt=\"\" width=\"2560\" height=\"1440\" data-id=\"392\" data-full-url=\"https:\/\/ics.science.upjs.sk\/adui\/wp-content\/uploads\/sites\/10\/2020\/03\/84150340_209199153792148_7728524045464895488_o_209199143792149.jpg\" data-link=\"https:\/\/ics.science.upjs.sk\/adui\/?attachment_id=392\" srcset=\"https:\/\/ics.science.upjs.sk\/adui\/wp-content\/uploads\/sites\/10\/2022\/12\/IMG_7548_jpg-scaled.jpg 2560w, https:\/\/ics.science.upjs.sk\/adui\/wp-content\/uploads\/sites\/10\/2022\/12\/IMG_7548_jpg-300x169.jpg 300w, https:\/\/ics.science.upjs.sk\/adui\/wp-content\/uploads\/sites\/10\/2022\/12\/IMG_7548_jpg-1024x576.jpg 1024w, https:\/\/ics.science.upjs.sk\/adui\/wp-content\/uploads\/sites\/10\/2022\/12\/IMG_7548_jpg-768x432.jpg 768w, https:\/\/ics.science.upjs.sk\/adui\/wp-content\/uploads\/sites\/10\/2022\/12\/IMG_7548_jpg-1536x864.jpg 1536w, https:\/\/ics.science.upjs.sk\/adui\/wp-content\/uploads\/sites\/10\/2022\/12\/IMG_7548_jpg-2048x1152.jpg 2048w\" sizes=\"(max-width: 2560px) 100vw, 2560px\" \/><\/figure>\r\n<\/li>\r\n<li class=\"blocks-gallery-item\">\r\n<figure><img decoding=\"async\" class=\"alignnone wp-image-1512 size-full\" src=\"https:\/\/ics.science.upjs.sk\/adui\/wp-content\/uploads\/sites\/10\/2022\/12\/IMG_7557-scaled.jpg\" alt=\"\" width=\"2560\" height=\"1440\" data-id=\"393\" data-full-url=\"https:\/\/ics.science.upjs.sk\/adui\/wp-content\/uploads\/sites\/10\/2020\/03\/84333707_209200090458721_4152430856297775104_o_209200080458722.jpg\" data-link=\"https:\/\/ics.science.upjs.sk\/adui\/?attachment_id=393\" srcset=\"https:\/\/ics.science.upjs.sk\/adui\/wp-content\/uploads\/sites\/10\/2022\/12\/IMG_7557-scaled.jpg 2560w, https:\/\/ics.science.upjs.sk\/adui\/wp-content\/uploads\/sites\/10\/2022\/12\/IMG_7557-300x169.jpg 300w, https:\/\/ics.science.upjs.sk\/adui\/wp-content\/uploads\/sites\/10\/2022\/12\/IMG_7557-1024x576.jpg 1024w, https:\/\/ics.science.upjs.sk\/adui\/wp-content\/uploads\/sites\/10\/2022\/12\/IMG_7557-768x432.jpg 768w, https:\/\/ics.science.upjs.sk\/adui\/wp-content\/uploads\/sites\/10\/2022\/12\/IMG_7557-1536x864.jpg 1536w, https:\/\/ics.science.upjs.sk\/adui\/wp-content\/uploads\/sites\/10\/2022\/12\/IMG_7557-2048x1152.jpg 2048w\" sizes=\"(max-width: 2560px) 100vw, 2560px\" \/><\/figure>\r\n<\/li>\r\n<li class=\"blocks-gallery-item\">\r\n<figure><img loading=\"lazy\" decoding=\"async\" class=\"alignnone wp-image-1513 size-full\" src=\"https:\/\/ics.science.upjs.sk\/adui\/wp-content\/uploads\/sites\/10\/2022\/12\/IMG_7569-scaled.jpg\" alt=\"\" width=\"2560\" height=\"1440\" data-id=\"396\" data-full-url=\"https:\/\/ics.science.upjs.sk\/adui\/wp-content\/uploads\/sites\/10\/2020\/03\/87458968_209200307125366_8182708680874000384_o_209200303792033.jpg\" data-link=\"https:\/\/ics.science.upjs.sk\/adui\/?attachment_id=396\" srcset=\"https:\/\/ics.science.upjs.sk\/adui\/wp-content\/uploads\/sites\/10\/2022\/12\/IMG_7569-scaled.jpg 2560w, https:\/\/ics.science.upjs.sk\/adui\/wp-content\/uploads\/sites\/10\/2022\/12\/IMG_7569-300x169.jpg 300w, https:\/\/ics.science.upjs.sk\/adui\/wp-content\/uploads\/sites\/10\/2022\/12\/IMG_7569-1024x576.jpg 1024w, https:\/\/ics.science.upjs.sk\/adui\/wp-content\/uploads\/sites\/10\/2022\/12\/IMG_7569-768x432.jpg 768w, https:\/\/ics.science.upjs.sk\/adui\/wp-content\/uploads\/sites\/10\/2022\/12\/IMG_7569-1536x864.jpg 1536w, https:\/\/ics.science.upjs.sk\/adui\/wp-content\/uploads\/sites\/10\/2022\/12\/IMG_7569-2048x1152.jpg 2048w\" sizes=\"(max-width: 2560px) 100vw, 2560px\" \/><\/figure>\r\n<\/li>\r\n<li class=\"blocks-gallery-item\">\r\n<figure><img loading=\"lazy\" decoding=\"async\" class=\"alignnone wp-image-1508 size-full\" src=\"https:\/\/ics.science.upjs.sk\/adui\/wp-content\/uploads\/sites\/10\/2022\/12\/IMG_7619_jpg-scaled.jpg\" alt=\"\" width=\"2560\" height=\"1440\" data-id=\"397\" data-full-url=\"https:\/\/ics.science.upjs.sk\/adui\/wp-content\/uploads\/sites\/10\/2020\/03\/87761372_209200103792053_4106355267485040640_o_209200100458720.jpg\" data-link=\"https:\/\/ics.science.upjs.sk\/adui\/?attachment_id=397\" srcset=\"https:\/\/ics.science.upjs.sk\/adui\/wp-content\/uploads\/sites\/10\/2022\/12\/IMG_7619_jpg-scaled.jpg 2560w, https:\/\/ics.science.upjs.sk\/adui\/wp-content\/uploads\/sites\/10\/2022\/12\/IMG_7619_jpg-300x169.jpg 300w, https:\/\/ics.science.upjs.sk\/adui\/wp-content\/uploads\/sites\/10\/2022\/12\/IMG_7619_jpg-1024x576.jpg 1024w, https:\/\/ics.science.upjs.sk\/adui\/wp-content\/uploads\/sites\/10\/2022\/12\/IMG_7619_jpg-768x432.jpg 768w, https:\/\/ics.science.upjs.sk\/adui\/wp-content\/uploads\/sites\/10\/2022\/12\/IMG_7619_jpg-1536x864.jpg 1536w, https:\/\/ics.science.upjs.sk\/adui\/wp-content\/uploads\/sites\/10\/2022\/12\/IMG_7619_jpg-2048x1152.jpg 2048w\" sizes=\"(max-width: 2560px) 100vw, 2560px\" \/><\/figure>\r\n<\/li>\r\n<li class=\"blocks-gallery-item\">\r\n<figure><img loading=\"lazy\" decoding=\"async\" class=\"alignnone wp-image-1518 size-full\" src=\"https:\/\/ics.science.upjs.sk\/adui\/wp-content\/uploads\/sites\/10\/2022\/12\/IMG_7607-scaled.jpg\" alt=\"\" width=\"2560\" height=\"1440\" data-id=\"408\" data-full-url=\"https:\/\/ics.science.upjs.sk\/adui\/wp-content\/uploads\/sites\/10\/2020\/03\/88241909_209199670458763_8701751999672090624_o_209199660458764.jpg\" data-link=\"https:\/\/ics.science.upjs.sk\/adui\/?attachment_id=408\" srcset=\"https:\/\/ics.science.upjs.sk\/adui\/wp-content\/uploads\/sites\/10\/2022\/12\/IMG_7607-scaled.jpg 2560w, https:\/\/ics.science.upjs.sk\/adui\/wp-content\/uploads\/sites\/10\/2022\/12\/IMG_7607-300x169.jpg 300w, https:\/\/ics.science.upjs.sk\/adui\/wp-content\/uploads\/sites\/10\/2022\/12\/IMG_7607-1024x576.jpg 1024w, https:\/\/ics.science.upjs.sk\/adui\/wp-content\/uploads\/sites\/10\/2022\/12\/IMG_7607-768x432.jpg 768w, https:\/\/ics.science.upjs.sk\/adui\/wp-content\/uploads\/sites\/10\/2022\/12\/IMG_7607-1536x864.jpg 1536w, https:\/\/ics.science.upjs.sk\/adui\/wp-content\/uploads\/sites\/10\/2022\/12\/IMG_7607-2048x1152.jpg 2048w\" sizes=\"(max-width: 2560px) 100vw, 2560px\" \/><\/figure>\r\n<\/li>\r\n<li class=\"blocks-gallery-item\">\r\n<figure><img loading=\"lazy\" decoding=\"async\" class=\"alignnone wp-image-1502 size-full\" src=\"https:\/\/ics.science.upjs.sk\/adui\/wp-content\/uploads\/sites\/10\/2022\/12\/1000000798-02-scaled.jpeg\" alt=\"\" width=\"2560\" height=\"1440\" data-id=\"407\" data-full-url=\"https:\/\/ics.science.upjs.sk\/adui\/wp-content\/uploads\/sites\/10\/2020\/03\/88240605_209200233792040_6709129346059075584_o_209200227125374.jpg\" data-link=\"https:\/\/ics.science.upjs.sk\/adui\/?attachment_id=407\" srcset=\"https:\/\/ics.science.upjs.sk\/adui\/wp-content\/uploads\/sites\/10\/2022\/12\/1000000798-02-scaled.jpeg 2560w, https:\/\/ics.science.upjs.sk\/adui\/wp-content\/uploads\/sites\/10\/2022\/12\/1000000798-02-300x169.jpeg 300w, https:\/\/ics.science.upjs.sk\/adui\/wp-content\/uploads\/sites\/10\/2022\/12\/1000000798-02-1024x576.jpeg 1024w, https:\/\/ics.science.upjs.sk\/adui\/wp-content\/uploads\/sites\/10\/2022\/12\/1000000798-02-768x432.jpeg 768w, https:\/\/ics.science.upjs.sk\/adui\/wp-content\/uploads\/sites\/10\/2022\/12\/1000000798-02-1536x864.jpeg 1536w, https:\/\/ics.science.upjs.sk\/adui\/wp-content\/uploads\/sites\/10\/2022\/12\/1000000798-02-2048x1152.jpeg 2048w\" sizes=\"(max-width: 2560px) 100vw, 2560px\" \/><\/figure>\r\n<\/li>\r\n<li class=\"blocks-gallery-item\">\r\n<figure><img loading=\"lazy\" decoding=\"async\" class=\"alignnone wp-image-1507 size-full\" src=\"https:\/\/ics.science.upjs.sk\/adui\/wp-content\/uploads\/sites\/10\/2022\/12\/IMG_7595_jpg-scaled.jpg\" alt=\"\" width=\"2560\" height=\"1440\" data-id=\"402\" data-full-url=\"https:\/\/ics.science.upjs.sk\/adui\/wp-content\/uploads\/sites\/10\/2020\/03\/88214943_209200127125384_3030507341846937600_o_209200110458719.jpg\" data-link=\"https:\/\/ics.science.upjs.sk\/adui\/?attachment_id=402\" srcset=\"https:\/\/ics.science.upjs.sk\/adui\/wp-content\/uploads\/sites\/10\/2022\/12\/IMG_7595_jpg-scaled.jpg 2560w, https:\/\/ics.science.upjs.sk\/adui\/wp-content\/uploads\/sites\/10\/2022\/12\/IMG_7595_jpg-300x169.jpg 300w, https:\/\/ics.science.upjs.sk\/adui\/wp-content\/uploads\/sites\/10\/2022\/12\/IMG_7595_jpg-1024x576.jpg 1024w, https:\/\/ics.science.upjs.sk\/adui\/wp-content\/uploads\/sites\/10\/2022\/12\/IMG_7595_jpg-768x432.jpg 768w, https:\/\/ics.science.upjs.sk\/adui\/wp-content\/uploads\/sites\/10\/2022\/12\/IMG_7595_jpg-1536x864.jpg 1536w, https:\/\/ics.science.upjs.sk\/adui\/wp-content\/uploads\/sites\/10\/2022\/12\/IMG_7595_jpg-2048x1152.jpg 2048w\" sizes=\"(max-width: 2560px) 100vw, 2560px\" \/><\/figure>\r\n<\/li>\r\n<li class=\"blocks-gallery-item\">\r\n<figure><img loading=\"lazy\" decoding=\"async\" class=\"alignnone wp-image-1509 size-full\" src=\"https:\/\/ics.science.upjs.sk\/adui\/wp-content\/uploads\/sites\/10\/2022\/12\/IMG_7627-01-scaled.jpeg\" alt=\"\" width=\"2560\" height=\"1440\" data-id=\"418\" data-full-url=\"https:\/\/ics.science.upjs.sk\/adui\/wp-content\/uploads\/sites\/10\/2020\/03\/88325803_209200423792021_2902870667680546816_o_209200417125355.jpg\" data-link=\"https:\/\/ics.science.upjs.sk\/adui\/?attachment_id=418\" srcset=\"https:\/\/ics.science.upjs.sk\/adui\/wp-content\/uploads\/sites\/10\/2022\/12\/IMG_7627-01-scaled.jpeg 2560w, https:\/\/ics.science.upjs.sk\/adui\/wp-content\/uploads\/sites\/10\/2022\/12\/IMG_7627-01-300x169.jpeg 300w, https:\/\/ics.science.upjs.sk\/adui\/wp-content\/uploads\/sites\/10\/2022\/12\/IMG_7627-01-1024x576.jpeg 1024w, https:\/\/ics.science.upjs.sk\/adui\/wp-content\/uploads\/sites\/10\/2022\/12\/IMG_7627-01-768x432.jpeg 768w, https:\/\/ics.science.upjs.sk\/adui\/wp-content\/uploads\/sites\/10\/2022\/12\/IMG_7627-01-1536x864.jpeg 1536w, https:\/\/ics.science.upjs.sk\/adui\/wp-content\/uploads\/sites\/10\/2022\/12\/IMG_7627-01-2048x1152.jpeg 2048w\" sizes=\"(max-width: 2560px) 100vw, 2560px\" \/><\/figure>\r\n<\/li>\r\n<li class=\"blocks-gallery-item\">\r\n<figure><img loading=\"lazy\" decoding=\"async\" class=\"alignnone wp-image-1504 size-full\" src=\"https:\/\/ics.science.upjs.sk\/adui\/wp-content\/uploads\/sites\/10\/2022\/12\/1000000820-01-scaled.jpeg\" alt=\"\" width=\"1920\" height=\"2560\" data-id=\"409\" data-full-url=\"https:\/\/ics.science.upjs.sk\/adui\/wp-content\/uploads\/sites\/10\/2020\/03\/88241912_209199853792078_1180746652097445888_o_209199850458745.jpg\" data-link=\"https:\/\/ics.science.upjs.sk\/adui\/?attachment_id=409\" srcset=\"https:\/\/ics.science.upjs.sk\/adui\/wp-content\/uploads\/sites\/10\/2022\/12\/1000000820-01-scaled.jpeg 1920w, https:\/\/ics.science.upjs.sk\/adui\/wp-content\/uploads\/sites\/10\/2022\/12\/1000000820-01-225x300.jpeg 225w, https:\/\/ics.science.upjs.sk\/adui\/wp-content\/uploads\/sites\/10\/2022\/12\/1000000820-01-768x1024.jpeg 768w, https:\/\/ics.science.upjs.sk\/adui\/wp-content\/uploads\/sites\/10\/2022\/12\/1000000820-01-1152x1536.jpeg 1152w, https:\/\/ics.science.upjs.sk\/adui\/wp-content\/uploads\/sites\/10\/2022\/12\/1000000820-01-1536x2048.jpeg 1536w\" sizes=\"(max-width: 1920px) 100vw, 1920px\" \/><\/figure>\r\n<\/li>\r\n<li class=\"blocks-gallery-item\">\r\n<figure><img loading=\"lazy\" decoding=\"async\" class=\"alignnone wp-image-1505 size-full\" src=\"https:\/\/ics.science.upjs.sk\/adui\/wp-content\/uploads\/sites\/10\/2022\/12\/1000000823-02.jpeg\" alt=\"\" width=\"1703\" height=\"2268\" data-id=\"419\" data-full-url=\"https:\/\/ics.science.upjs.sk\/adui\/wp-content\/uploads\/sites\/10\/2020\/03\/89816568_209199637125433_840964457801711616_o_209199627125434.jpg\" data-link=\"https:\/\/ics.science.upjs.sk\/adui\/?attachment_id=419\" srcset=\"https:\/\/ics.science.upjs.sk\/adui\/wp-content\/uploads\/sites\/10\/2022\/12\/1000000823-02.jpeg 1703w, https:\/\/ics.science.upjs.sk\/adui\/wp-content\/uploads\/sites\/10\/2022\/12\/1000000823-02-225x300.jpeg 225w, https:\/\/ics.science.upjs.sk\/adui\/wp-content\/uploads\/sites\/10\/2022\/12\/1000000823-02-769x1024.jpeg 769w, https:\/\/ics.science.upjs.sk\/adui\/wp-content\/uploads\/sites\/10\/2022\/12\/1000000823-02-768x1023.jpeg 768w, https:\/\/ics.science.upjs.sk\/adui\/wp-content\/uploads\/sites\/10\/2022\/12\/1000000823-02-1153x1536.jpeg 1153w, https:\/\/ics.science.upjs.sk\/adui\/wp-content\/uploads\/sites\/10\/2022\/12\/1000000823-02-1538x2048.jpeg 1538w\" sizes=\"(max-width: 1703px) 100vw, 1703px\" \/><\/figure>\r\n<\/li>\r\n<li class=\"blocks-gallery-item\">\r\n<figure><img loading=\"lazy\" decoding=\"async\" class=\"alignnone wp-image-1521 size-full\" src=\"https:\/\/ics.science.upjs.sk\/adui\/wp-content\/uploads\/sites\/10\/2022\/12\/IMG_7636-scaled.jpg\" alt=\"\" width=\"1440\" height=\"2560\" data-id=\"398\" data-full-url=\"https:\/\/ics.science.upjs.sk\/adui\/wp-content\/uploads\/sites\/10\/2020\/03\/88162032_209199160458814_5916170532293705728_o_209199147125482.jpg\" data-link=\"https:\/\/ics.science.upjs.sk\/adui\/?attachment_id=398\" srcset=\"https:\/\/ics.science.upjs.sk\/adui\/wp-content\/uploads\/sites\/10\/2022\/12\/IMG_7636-scaled.jpg 1440w, https:\/\/ics.science.upjs.sk\/adui\/wp-content\/uploads\/sites\/10\/2022\/12\/IMG_7636-169x300.jpg 169w, https:\/\/ics.science.upjs.sk\/adui\/wp-content\/uploads\/sites\/10\/2022\/12\/IMG_7636-576x1024.jpg 576w, https:\/\/ics.science.upjs.sk\/adui\/wp-content\/uploads\/sites\/10\/2022\/12\/IMG_7636-768x1365.jpg 768w, https:\/\/ics.science.upjs.sk\/adui\/wp-content\/uploads\/sites\/10\/2022\/12\/IMG_7636-864x1536.jpg 864w, https:\/\/ics.science.upjs.sk\/adui\/wp-content\/uploads\/sites\/10\/2022\/12\/IMG_7636-1152x2048.jpg 1152w\" sizes=\"(max-width: 1440px) 100vw, 1440px\" \/><\/figure>\r\n<\/li>\r\n<li class=\"blocks-gallery-item\">\r\n<figure><img loading=\"lazy\" decoding=\"async\" class=\"alignnone wp-image-1516 size-full\" src=\"https:\/\/ics.science.upjs.sk\/adui\/wp-content\/uploads\/sites\/10\/2022\/12\/IMG_7584-scaled.jpg\" alt=\"\" width=\"2560\" height=\"1440\" data-id=\"399\" data-full-url=\"https:\/\/ics.science.upjs.sk\/adui\/wp-content\/uploads\/sites\/10\/2020\/03\/88175296_209199633792100_4562232356231970816_o_209199623792101.jpg\" data-link=\"https:\/\/ics.science.upjs.sk\/adui\/?attachment_id=399\" srcset=\"https:\/\/ics.science.upjs.sk\/adui\/wp-content\/uploads\/sites\/10\/2022\/12\/IMG_7584-scaled.jpg 2560w, https:\/\/ics.science.upjs.sk\/adui\/wp-content\/uploads\/sites\/10\/2022\/12\/IMG_7584-300x169.jpg 300w, https:\/\/ics.science.upjs.sk\/adui\/wp-content\/uploads\/sites\/10\/2022\/12\/IMG_7584-1024x576.jpg 1024w, https:\/\/ics.science.upjs.sk\/adui\/wp-content\/uploads\/sites\/10\/2022\/12\/IMG_7584-768x432.jpg 768w, https:\/\/ics.science.upjs.sk\/adui\/wp-content\/uploads\/sites\/10\/2022\/12\/IMG_7584-1536x864.jpg 1536w, https:\/\/ics.science.upjs.sk\/adui\/wp-content\/uploads\/sites\/10\/2022\/12\/IMG_7584-2048x1152.jpg 2048w\" sizes=\"(max-width: 2560px) 100vw, 2560px\" \/><\/figure>\r\n<\/li>\r\n<li class=\"blocks-gallery-item\">\r\n<figure><img loading=\"lazy\" decoding=\"async\" class=\"alignnone wp-image-1510 size-full\" src=\"https:\/\/ics.science.upjs.sk\/adui\/wp-content\/uploads\/sites\/10\/2022\/12\/IMG_7630-01-scaled.jpeg\" alt=\"\" width=\"2560\" height=\"1440\" data-id=\"395\" data-full-url=\"https:\/\/ics.science.upjs.sk\/adui\/wp-content\/uploads\/sites\/10\/2020\/03\/87296362_209200447125352_7758805733860179968_o_209200437125353.jpg\" data-link=\"https:\/\/ics.science.upjs.sk\/adui\/?attachment_id=395\" srcset=\"https:\/\/ics.science.upjs.sk\/adui\/wp-content\/uploads\/sites\/10\/2022\/12\/IMG_7630-01-scaled.jpeg 2560w, https:\/\/ics.science.upjs.sk\/adui\/wp-content\/uploads\/sites\/10\/2022\/12\/IMG_7630-01-300x169.jpeg 300w, https:\/\/ics.science.upjs.sk\/adui\/wp-content\/uploads\/sites\/10\/2022\/12\/IMG_7630-01-1024x576.jpeg 1024w, https:\/\/ics.science.upjs.sk\/adui\/wp-content\/uploads\/sites\/10\/2022\/12\/IMG_7630-01-768x432.jpeg 768w, https:\/\/ics.science.upjs.sk\/adui\/wp-content\/uploads\/sites\/10\/2022\/12\/IMG_7630-01-1536x864.jpeg 1536w, https:\/\/ics.science.upjs.sk\/adui\/wp-content\/uploads\/sites\/10\/2022\/12\/IMG_7630-01-2048x1152.jpeg 2048w\" sizes=\"(max-width: 2560px) 100vw, 2560px\" \/><\/figure>\r\n<\/li>\r\n<li class=\"blocks-gallery-item\">\r\n<figure><img loading=\"lazy\" decoding=\"async\" class=\"alignnone wp-image-1515 size-full\" src=\"https:\/\/ics.science.upjs.sk\/adui\/wp-content\/uploads\/sites\/10\/2022\/12\/IMG_7579-scaled.jpg\" alt=\"\" width=\"2560\" height=\"1440\" data-id=\"400\" data-full-url=\"https:\/\/ics.science.upjs.sk\/adui\/wp-content\/uploads\/sites\/10\/2020\/03\/88194303_209200013792062_9004630052549165056_o_209200000458730.jpg\" data-link=\"https:\/\/ics.science.upjs.sk\/adui\/?attachment_id=400\" srcset=\"https:\/\/ics.science.upjs.sk\/adui\/wp-content\/uploads\/sites\/10\/2022\/12\/IMG_7579-scaled.jpg 2560w, https:\/\/ics.science.upjs.sk\/adui\/wp-content\/uploads\/sites\/10\/2022\/12\/IMG_7579-300x169.jpg 300w, https:\/\/ics.science.upjs.sk\/adui\/wp-content\/uploads\/sites\/10\/2022\/12\/IMG_7579-1024x576.jpg 1024w, https:\/\/ics.science.upjs.sk\/adui\/wp-content\/uploads\/sites\/10\/2022\/12\/IMG_7579-768x432.jpg 768w, https:\/\/ics.science.upjs.sk\/adui\/wp-content\/uploads\/sites\/10\/2022\/12\/IMG_7579-1536x864.jpg 1536w, https:\/\/ics.science.upjs.sk\/adui\/wp-content\/uploads\/sites\/10\/2022\/12\/IMG_7579-2048x1152.jpg 2048w\" sizes=\"(max-width: 2560px) 100vw, 2560px\" \/><\/figure>\r\n<\/li>\r\n<\/ul>\r\n<\/figure>\r\n\r\n\r\n<hr class=\"wp-block-separator\" \/>\r\n\r\n\r\n<div style=\"text-align: center;width: 100%;min-height: 1px;flex: 0 0 100%;max-width: 100%;padding: 40px 15px 20px 15px\"><a title=\"UPJ\u0160\" href=\"https:\/\/www.upjs.sk\/?prefferedLang=SK\" target=\"_blank\" rel=\"noopener noreferrer\"><img decoding=\"async\" class=\"\" style=\"height: 92px;text-decoration: none\" src=\"https:\/\/ics.science.upjs.sk\/adui\/wp-content\/uploads\/sites\/10\/2020\/03\/upjs_f.png\" width=\"92\" \/><\/a> <a title=\"PF UPJ\u0160\" href=\"https:\/\/www.upjs.sk\/prirodovedecka-fakulta\/?prefferedLang=SK\" target=\"_blank\" rel=\"noopener noreferrer\"><img decoding=\"async\" style=\"padding: 0px;height: 80px;text-decoration: none\" src=\"https:\/\/ics.science.upjs.sk\/adui\/wp-content\/uploads\/sites\/10\/2019\/10\/upjs-logo.png\" \/><\/a> <a title=\"\u00daMAT\" href=\"https:\/\/www.upjs.sk\/prirodovedecka-fakulta\/ustav\/umv\/\" target=\"_blank\" rel=\"noopener noreferrer\"><img decoding=\"async\" style=\"padding: 0px;height: 80px;text-decoration: none\" src=\"https:\/\/ics.science.upjs.sk\/adui\/wp-content\/uploads\/sites\/10\/2022\/11\/ustav-matematiky_v4_farebna_stvorec.png\" \/><\/a> <a title=\"\u00daINF\" href=\"https:\/\/ics.science.upjs.sk\/\" target=\"_blank\" rel=\"noopener noreferrer\"><img decoding=\"async\" style=\"padding: 0px;height: 80px;text-decoration: none\" src=\"https:\/\/ics.science.upjs.sk\/adui\/wp-content\/uploads\/sites\/10\/2023\/01\/ustav-informatiky_v4_farebna_stvorec.png\" \/><\/a><\/div>\r\n<!-- \/wp:post-content --><!-- \/wp:paragraph --><!-- \/wp:paragraph -->","protected":false},"excerpt":{"rendered":"","protected":false},"author":21,"featured_media":0,"parent":0,"menu_order":0,"comment_status":"closed","ping_status":"closed","template":"","meta":{"footnotes":""},"class_list":["post-1499","page","type-page","status-publish","hentry"],"_links":{"self":[{"href":"https:\/\/ics.science.upjs.sk\/adui\/wp-json\/wp\/v2\/pages\/1499","targetHints":{"allow":["GET"]}}],"collection":[{"href":"https:\/\/ics.science.upjs.sk\/adui\/wp-json\/wp\/v2\/pages"}],"about":[{"href":"https:\/\/ics.science.upjs.sk\/adui\/wp-json\/wp\/v2\/types\/page"}],"author":[{"embeddable":true,"href":"https:\/\/ics.science.upjs.sk\/adui\/wp-json\/wp\/v2\/users\/21"}],"replies":[{"embeddable":true,"href":"https:\/\/ics.science.upjs.sk\/adui\/wp-json\/wp\/v2\/comments?post=1499"}],"version-history":[{"count":16,"href":"https:\/\/ics.science.upjs.sk\/adui\/wp-json\/wp\/v2\/pages\/1499\/revisions"}],"predecessor-version":[{"id":1598,"href":"https:\/\/ics.science.upjs.sk\/adui\/wp-json\/wp\/v2\/pages\/1499\/revisions\/1598"}],"wp:attachment":[{"href":"https:\/\/ics.science.upjs.sk\/adui\/wp-json\/wp\/v2\/media?parent=1499"}],"curies":[{"name":"wp","href":"https:\/\/api.w.org\/{rel}","templated":true}]}}