{"id":12,"date":"2019-10-14T12:46:54","date_gmt":"2019-10-14T10:46:54","guid":{"rendered":"https:\/\/ics.science.upjs.sk\/adui\/?page_id=12"},"modified":"2023-01-04T20:11:21","modified_gmt":"2023-01-04T19:11:21","slug":"faq","status":"publish","type":"page","link":"https:\/\/ics.science.upjs.sk\/adui\/faq\/","title":{"rendered":"FAQ"},"content":{"rendered":"\r\n<div class=\"wp-block-columns are-vertically-aligned-top is-layout-flex wp-container-core-columns-is-layout-9d6595d7 wp-block-columns-is-layout-flex\">\r\n<div class=\"wp-block-column is-vertically-aligned-top is-layout-flow wp-block-column-is-layout-flow\" style=\"flex-basis: 33.33%\">\r\n<p class=\"has-white-color has-text-color has-background has-medium-font-size\" style=\"background-color: #00376f\"><strong>Nie je \u0161t\u00fadium pr\u00edli\u0161 teoretick\u00e9?<\/strong><\/p>\r\n<\/div>\r\n\r\n\r\n\r\n<div class=\"wp-block-column is-vertically-aligned-top is-layout-flow wp-block-column-is-layout-flow\" style=\"flex-basis: 66.66%\">\r\n<p class=\"has-text-align-left has-black-color has-text-color has-background\" style=\"background-color: #e0e0e0\">\u0160tudijn\u00fd program bol pripravovan\u00fd v spolupr\u00e1ci s IT spolo\u010dnos\u0165ami. Tie sa bud\u00fa podie\u013ea\u0165 priamo na v\u00fdu\u010dbe, veden\u00ed z\u00e1vere\u010dn\u00fdch pr\u00e1c a projektov. Svoje \u0161t\u00fadium m\u00f4\u017ee\u0161 doplni\u0165 praktick\u00fdmi sk\u00fasenos\u0165ami priamo u nich.<\/p>\r\n<\/div>\r\n<\/div>\r\n\r\n\r\n\r\n<div class=\"wp-block-spacer\" style=\"height: 40px\" aria-hidden=\"true\">\u00a0<\/div>\r\n\r\n\r\n\r\n<div class=\"wp-block-columns are-vertically-aligned-top is-layout-flex wp-container-core-columns-is-layout-9d6595d7 wp-block-columns-is-layout-flex\">\r\n<div class=\"wp-block-column is-vertically-aligned-top is-layout-flow wp-block-column-is-layout-flow\" style=\"flex-basis: 33.33%\">\r\n<p class=\"has-white-color has-text-color has-background has-medium-font-size\" style=\"background-color: #00376f\"><strong>V ak\u00fdch oblastiach sa vyu\u017e\u00edva d\u00e1tov\u00e1 anal\u00fdza?<\/strong><\/p>\r\n<\/div>\r\n\r\n\r\n\r\n<div class=\"wp-block-column is-vertically-aligned-top is-layout-flow wp-block-column-is-layout-flow\" style=\"flex-basis: 66.66%\">\r\n<p class=\"has-text-align-left has-black-color has-text-color has-background\" style=\"background-color: #e0e0e0\">Svoje vedomosti m\u00f4\u017ee\u0161 aplikova\u0165 v expertn\u00fdch syst\u00e9moch pre medic\u00ednsku oblas\u0165 alebo pre inteligentn\u00e9 riadenie dopravy vo firme VSL Software, v oblasti roz\u0161\u00edrenej reality a v\u00fdvoji hier vo firme Matsuko, v modern\u00fdch odpor\u00fa\u010dac\u00edch syst\u00e9moch vyu\u017e\u00edvaj\u00facich anal\u00fdzu obrazu vo firme Anovative, pri v\u00fdvoji medic\u00ednskych aplik\u00e1cii v spolo\u010dnosti Global Logic.<\/p>\r\n<\/div>\r\n<\/div>\r\n\r\n\r\n\r\n<div class=\"wp-block-spacer\" style=\"height: 40px\" aria-hidden=\"true\">\u00a0<\/div>\r\n\r\n\r\n\r\n<div class=\"wp-block-columns are-vertically-aligned-top is-layout-flex wp-container-core-columns-is-layout-9d6595d7 wp-block-columns-is-layout-flex\">\r\n<div class=\"wp-block-column is-vertically-aligned-top is-layout-flow wp-block-column-is-layout-flow\" style=\"flex-basis: 33.33%\">\r\n<p class=\"has-white-color has-text-color has-background has-medium-font-size\" style=\"background-color: #00376f\"><strong>Pr\u00edjmu ma na bakal\u00e1rsky stupe\u0148 ADUI bez prij\u00edmac\u00edch sk\u00fa\u0161ok?<\/strong><\/p>\r\n<\/div>\r\n\r\n\r\n\r\n<div class=\"wp-block-column is-vertically-aligned-top is-layout-flow wp-block-column-is-layout-flow\" style=\"flex-basis: 66.66%\">\r\n<p class=\"has-text-align-left has-black-color has-text-color has-background\" style=\"background-color: #e0e0e0\">Prij\u00edmacie sk\u00fa\u0161ky vo v\u0161eobecnosti nie s\u00fa potrebn\u00e9. Podmienkou na zaradenie do prij\u00edmacieho konania na bakal\u00e1rsky stupe\u0148 \u0161t\u00fadia ADUI je \u00faspe\u0161n\u00e9 absolvovanie maturitnej sk\u00fa\u0161ky z\u202fmatematiky alebo informatiky. Uznan\u00e1 m\u00f4\u017ee by\u0165 aj obsahovo pr\u00edbuzn\u00e1 maturitn\u00e1 sk\u00fa\u0161ka z\u202fodborn\u00fdch predmetov na strednej odbornej \u0161kole alebo SCIO test z\u202fmatematiky. Prijatie na \u0161t\u00fadium maj\u00fa garantovan\u00e9 \u0161tudenti so \u0161tudijn\u00fdm priemerom do 2,00. \u010ealej s\u00fa \u0161tudenti prij\u00edman\u00ed pod\u013ea poradovn\u00edka. Viac sa dozvie\u0161 <a href=\"https:\/\/www.upjs.sk\/public\/media\/2453\/prij_konanie_PFUPJS_22_23_Bc.pdf\" target=\"_blank\" rel=\"noopener\">TU<\/a>.<\/p>\r\n<\/div>\r\n<\/div>\r\n<p>&nbsp;<\/p>\r\n\r\n\r\n\r\n<div class=\"wp-block-columns are-vertically-aligned-top is-layout-flex wp-container-core-columns-is-layout-9d6595d7 wp-block-columns-is-layout-flex\">\r\n<div class=\"wp-block-column is-vertically-aligned-top is-layout-flow wp-block-column-is-layout-flow\" style=\"flex-basis: 33.33%\">\r\n<p class=\"has-white-color has-text-color has-background has-medium-font-size\" style=\"background-color: #00376f\"><strong>Potrebujem absolvova\u0165 prij\u00edmacie sk\u00fa\u0161ky na magistersk\u00fd stupe\u0148 \u0161t\u00fadia?<\/strong><\/p>\r\n<\/div>\r\n\r\n\r\n\r\n<div class=\"wp-block-column is-vertically-aligned-top is-layout-flow wp-block-column-is-layout-flow\" style=\"flex-basis: 66.66%\">\r\n<p class=\"has-text-align-left has-black-color has-text-color has-background\" style=\"background-color: #e0e0e0\">Prij\u00edmacie sk\u00fa\u0161ky s\u00fa potrebn\u00e9 v pr\u00edpade, ke\u010f predo\u0161l\u00e9 \u0161t\u00fadium na bakal\u00e1rskom stupni nie je pr\u00edbuzn\u00e9 so \u0161tudijn\u00fdm pl\u00e1nom bakal\u00e1rskeho stup\u0148a ADUI. V opa\u010dnom pr\u00edpade sa posudzuje v\u00e1\u017een\u00fd \u0161tudijn\u00fd priemer a odborn\u00e9 aktivity uch\u00e1dza\u010da, na z\u00e1klade ktor\u00fdch m\u00f4\u017ee by\u0165 uch\u00e1dza\u010d prijat\u00fd bez prij\u00edmac\u00edch sk\u00fa\u0161ok. Viac sa dozvie\u0161 <a href=\"https:\/\/www.upjs.sk\/public\/media\/2453\/prij_konanie_PFUPJS_21_22_Mgr_senat_14_10_schvalene_signed.pdf\" target=\"_blank\" rel=\"noopener\">TU<\/a>.<\/p>\r\n<\/div>\r\n<\/div>\r\n<p>&nbsp;<\/p>\r\n\r\n\r\n\r\n<div class=\"wp-block-columns are-vertically-aligned-top is-layout-flex wp-container-core-columns-is-layout-9d6595d7 wp-block-columns-is-layout-flex\">\r\n<div class=\"wp-block-column is-vertically-aligned-top is-layout-flow wp-block-column-is-layout-flow\" style=\"flex-basis: 33.33%\">\r\n<p class=\"has-white-color has-text-color has-background has-medium-font-size\" style=\"background-color: #00376f\"><strong>Kde sa m\u00f4\u017eem dozvedie\u0165 viac?<\/strong><\/p>\r\n<\/div>\r\n\r\n\r\n\r\n<div class=\"wp-block-column is-vertically-aligned-top is-layout-flow wp-block-column-is-layout-flow\" style=\"flex-basis: 66.66%\">\r\n<p class=\"has-text-align-left has-black-color has-text-color has-background\" style=\"background-color: #e0e0e0\">Sleduj na\u0161e str\u00e1nky <a href=\"http:\/\/adui.science.upjs.sk\" target=\"_blank\" rel=\"noreferrer noopener\">http:\/\/adui.science.upjs.sk<\/a> a <a href=\"http:\/\/nadvakroky.sk\" target=\"_blank\" rel=\"noreferrer noopener\">http:\/\/nadvakroky.sk<\/a> a sta\u0148 sa s\u00fa\u010das\u0165ou komunity. Ak m\u00e1\u0161 ot\u00e1zky, nap\u00ed\u0161 n\u00e1m na <a href=\"mailto:adui@upjs.sk\" target=\"_blank\" rel=\"noreferrer noopener\">adui@upjs.sk<\/a>. Pr\u00ed\u010f sa k n\u00e1m pozrie\u0165 na stretnutia nad\u0161encov d\u00e1tovej anal\u00fdzy (<a href=\"http:\/\/dam.science.upjs.sk\" target=\"_blank\" rel=\"noreferrer noopener\">http:\/\/dam.science.upjs.sk<\/a>) alebo sa z\u00fa\u010dastn\u00ed interakt\u00edvnych workshopov. Pre viac inform\u00e1ci\u00ed pozri aj <a href=\"https:\/\/ics.science.upjs.sk\/adui\/kontakty\/\" data-type=\"URL\" data-id=\"https:\/\/ics.science.upjs.sk\/adui\/kontakty\/\">Kontakty<\/a>.<\/p>\r\n<\/div>\r\n<\/div>\r\n\r\n\r\n<hr class=\"wp-block-separator\" \/>\r\n\r\n\r\n<div style=\"text-align: center;width: 100%;min-height: 1px;flex: 0 0 100%;max-width: 100%;padding: 40px 15px 20px 15px\"><a title=\"UPJ\u0160\" href=\"https:\/\/www.upjs.sk\/?prefferedLang=SK\" target=\"_blank\" rel=\"noopener noreferrer\"><img decoding=\"async\" class=\"\" style=\"height: 92px;text-decoration: none\" src=\"https:\/\/ics.science.upjs.sk\/adui\/wp-content\/uploads\/sites\/10\/2020\/03\/upjs_f.png\" width=\"92\" \/><\/a> <a title=\"PF UPJ\u0160\" href=\"https:\/\/www.upjs.sk\/prirodovedecka-fakulta\/?prefferedLang=SK\" target=\"_blank\" rel=\"noopener noreferrer\"><img decoding=\"async\" style=\"padding: 0px;height: 80px;text-decoration: none\" src=\"https:\/\/ics.science.upjs.sk\/adui\/wp-content\/uploads\/sites\/10\/2019\/10\/upjs-logo.png\" \/><\/a> <a title=\"\u00daMAT\" href=\"https:\/\/www.upjs.sk\/prirodovedecka-fakulta\/ustav\/umv\/\" target=\"_blank\" rel=\"noopener noreferrer\"><img decoding=\"async\" style=\"padding: 0px;height: 80px;text-decoration: none\" src=\"https:\/\/ics.science.upjs.sk\/adui\/wp-content\/uploads\/sites\/10\/2022\/11\/ustav-matematiky_v4_farebna_stvorec.png\" \/><\/a> <a title=\"\u00daINF\" href=\"https:\/\/ics.science.upjs.sk\/\" target=\"_blank\" rel=\"noopener noreferrer\"><img decoding=\"async\" style=\"padding: 0px;height: 80px;text-decoration: none\" src=\"https:\/\/ics.science.upjs.sk\/adui\/wp-content\/uploads\/sites\/10\/2023\/01\/ustav-informatiky_v4_farebna_stvorec.png\" \/><\/a><\/div>\r\n<!-- \/wp:post-content --><!-- \/wp:image --><!-- \/wp:paragraph --><!-- \/wp:paragraph -->","protected":false},"excerpt":{"rendered":"<p>Nie je \u0161t\u00fadium pr\u00edli\u0161 teoretick\u00e9? \u0160tudijn\u00fd program bol pripravovan\u00fd v spolupr\u00e1ci s IT spolo\u010dnos\u0165ami. Tie sa bud\u00fa podie\u013ea\u0165 priamo na v\u00fdu\u010dbe, veden\u00ed z\u00e1vere\u010dn\u00fdch pr\u00e1c a projektov. Svoje \u0161t\u00fadium m\u00f4\u017ee\u0161 doplni\u0165&hellip;<\/p>\n","protected":false},"author":9,"featured_media":0,"parent":0,"menu_order":0,"comment_status":"closed","ping_status":"closed","template":"","meta":{"footnotes":""},"class_list":["post-12","page","type-page","status-publish","hentry"],"_links":{"self":[{"href":"https:\/\/ics.science.upjs.sk\/adui\/wp-json\/wp\/v2\/pages\/12","targetHints":{"allow":["GET"]}}],"collection":[{"href":"https:\/\/ics.science.upjs.sk\/adui\/wp-json\/wp\/v2\/pages"}],"about":[{"href":"https:\/\/ics.science.upjs.sk\/adui\/wp-json\/wp\/v2\/types\/page"}],"author":[{"embeddable":true,"href":"https:\/\/ics.science.upjs.sk\/adui\/wp-json\/wp\/v2\/users\/9"}],"replies":[{"embeddable":true,"href":"https:\/\/ics.science.upjs.sk\/adui\/wp-json\/wp\/v2\/comments?post=12"}],"version-history":[{"count":17,"href":"https:\/\/ics.science.upjs.sk\/adui\/wp-json\/wp\/v2\/pages\/12\/revisions"}],"predecessor-version":[{"id":1603,"href":"https:\/\/ics.science.upjs.sk\/adui\/wp-json\/wp\/v2\/pages\/12\/revisions\/1603"}],"wp:attachment":[{"href":"https:\/\/ics.science.upjs.sk\/adui\/wp-json\/wp\/v2\/media?parent=12"}],"curies":[{"name":"wp","href":"https:\/\/api.w.org\/{rel}","templated":true}]}}