{"id":10,"date":"2019-10-14T12:44:22","date_gmt":"2019-10-14T10:44:22","guid":{"rendered":"https:\/\/ics.science.upjs.sk\/adui\/?page_id=10"},"modified":"2023-01-04T20:13:22","modified_gmt":"2023-01-04T19:13:22","slug":"partneri","status":"publish","type":"page","link":"https:\/\/ics.science.upjs.sk\/adui\/partneri\/","title":{"rendered":"Partnersk\u00e9 firmy"},"content":{"rendered":"\r\n<div class=\"wp-block-columns has-2-columns is-layout-flex wp-container-core-columns-is-layout-9d6595d7 wp-block-columns-is-layout-flex\">\r\n<div class=\"wp-block-column is-layout-flow wp-block-column-is-layout-flow\"><div class=\"wp-block-image aligncenter\">\r\n<figure class=\"size-large\"><a href=\"https:\/\/www.deutschetelekomitsolutions.sk\/sk\" target=\"_blank\" rel=\"noreferrer noopener\"><img fetchpriority=\"high\" decoding=\"async\" width=\"802\" height=\"208\" class=\"wp-image-80\" src=\"https:\/\/ics.science.upjs.sk\/adui\/wp-content\/uploads\/sites\/10\/2019\/10\/t-systems.jpg\" alt=\"\" srcset=\"https:\/\/ics.science.upjs.sk\/adui\/wp-content\/uploads\/sites\/10\/2019\/10\/t-systems.jpg 802w, https:\/\/ics.science.upjs.sk\/adui\/wp-content\/uploads\/sites\/10\/2019\/10\/t-systems-300x78.jpg 300w, https:\/\/ics.science.upjs.sk\/adui\/wp-content\/uploads\/sites\/10\/2019\/10\/t-systems-768x199.jpg 768w\" sizes=\"(max-width: 802px) 100vw, 802px\" \/><\/a><\/figure>\r\n<\/div>\r\n\r\n<div class=\"wp-block-image aligncenter\">\r\n<figure class=\"size-large\"><a href=\"https:\/\/www.empirica.sk\/\" target=\"_blank\" rel=\"noreferrer noopener\"><img decoding=\"async\" width=\"279\" height=\"96\" class=\"wp-image-33\" src=\"https:\/\/ics.science.upjs.sk\/adui\/wp-content\/uploads\/sites\/10\/2019\/10\/empirica.png\" alt=\"\" \/><\/a><\/figure>\r\n<\/div>\r\n\r\n<div class=\"wp-block-image aligncenter\">\r\n<figure class=\"size-large\"><a href=\"http:\/\/www.ba.novitech.sk\/index.php\/sk\/\" target=\"_blank\" rel=\"noreferrer noopener\"><img decoding=\"async\" width=\"1024\" height=\"193\" class=\"wp-image-29\" src=\"https:\/\/ics.science.upjs.sk\/adui\/wp-content\/uploads\/sites\/10\/2019\/10\/novitech_transp-1024x193.png\" alt=\"\" srcset=\"https:\/\/ics.science.upjs.sk\/adui\/wp-content\/uploads\/sites\/10\/2019\/10\/novitech_transp-1024x193.png 1024w, https:\/\/ics.science.upjs.sk\/adui\/wp-content\/uploads\/sites\/10\/2019\/10\/novitech_transp-300x57.png 300w, https:\/\/ics.science.upjs.sk\/adui\/wp-content\/uploads\/sites\/10\/2019\/10\/novitech_transp-768x145.png 768w\" sizes=\"(max-width: 1024px) 100vw, 1024px\" \/><\/a><\/figure>\r\n<\/div>\r\n\r\n<div class=\"wp-block-image aligncenter\">\r\n<figure class=\"size-large\"><a href=\"http:\/\/www.anovative.com\/\" target=\"_blank\" rel=\"noreferrer noopener\"><img loading=\"lazy\" decoding=\"async\" width=\"680\" height=\"151\" class=\"wp-image-28\" src=\"https:\/\/ics.science.upjs.sk\/adui\/wp-content\/uploads\/sites\/10\/2019\/10\/logo.png\" alt=\"\" srcset=\"https:\/\/ics.science.upjs.sk\/adui\/wp-content\/uploads\/sites\/10\/2019\/10\/logo.png 680w, https:\/\/ics.science.upjs.sk\/adui\/wp-content\/uploads\/sites\/10\/2019\/10\/logo-300x67.png 300w\" sizes=\"(max-width: 680px) 100vw, 680px\" \/><\/a><\/figure>\r\n<\/div>\r\n\r\n<div class=\"wp-block-image aligncenter\">\r\n<figure class=\"size-large\"><a href=\"http:\/\/matsuko.com\/\" target=\"_blank\" rel=\"noreferrer noopener\"><img loading=\"lazy\" decoding=\"async\" width=\"443\" height=\"126\" class=\"wp-image-459\" src=\"https:\/\/ics.science.upjs.sk\/adui\/wp-content\/uploads\/sites\/10\/2020\/03\/MTSlogo1.png\" alt=\"\" srcset=\"https:\/\/ics.science.upjs.sk\/adui\/wp-content\/uploads\/sites\/10\/2020\/03\/MTSlogo1.png 443w, https:\/\/ics.science.upjs.sk\/adui\/wp-content\/uploads\/sites\/10\/2020\/03\/MTSlogo1-300x85.png 300w\" sizes=\"(max-width: 443px) 100vw, 443px\" \/><\/a><\/figure>\r\n<\/div>\r\n\r\n\r\n<p>&nbsp;<\/p>\r\n<\/div>\r\n\r\n\r\n\r\n<div class=\"wp-block-column is-layout-flow wp-block-column-is-layout-flow\"><div class=\"wp-block-image aligncenter\">\r\n<figure class=\"size-large\"><a href=\"http:\/\/www.vsl.sk\/\" target=\"_blank\" rel=\"noreferrer noopener\"><img loading=\"lazy\" decoding=\"async\" width=\"250\" height=\"123\" class=\"wp-image-23\" src=\"https:\/\/ics.science.upjs.sk\/adui\/wp-content\/uploads\/sites\/10\/2019\/10\/VSLSoftware-logo-color-1.png\" alt=\"\" \/><\/a><\/figure>\r\n<\/div>\r\n\r\n<div class=\"wp-block-image aligncenter\">\r\n<figure class=\"size-large\"><a href=\"https:\/\/www.fpt.sk\/\" target=\"_blank\" rel=\"noreferrer noopener\"><img loading=\"lazy\" decoding=\"async\" width=\"196\" height=\"153\" class=\"wp-image-100\" src=\"https:\/\/ics.science.upjs.sk\/adui\/wp-content\/uploads\/sites\/10\/2019\/10\/fpt-1.png\" alt=\"\" \/><\/a><\/figure>\r\n<\/div>\r\n\r\n<div class=\"wp-block-image aligncenter\">\r\n<figure class=\"size-large\"><a href=\"https:\/\/www.globallogic.com\/sk\/\" target=\"_blank\" rel=\"noreferrer noopener\"><img loading=\"lazy\" decoding=\"async\" width=\"443\" height=\"102\" class=\"wp-image-102\" src=\"https:\/\/ics.science.upjs.sk\/adui\/wp-content\/uploads\/sites\/10\/2019\/10\/GlobalLogic-Logo-Gray-2.png\" alt=\"\" srcset=\"https:\/\/ics.science.upjs.sk\/adui\/wp-content\/uploads\/sites\/10\/2019\/10\/GlobalLogic-Logo-Gray-2.png 443w, https:\/\/ics.science.upjs.sk\/adui\/wp-content\/uploads\/sites\/10\/2019\/10\/GlobalLogic-Logo-Gray-2-300x69.png 300w\" sizes=\"(max-width: 443px) 100vw, 443px\" \/><\/a><\/figure>\r\n<\/div><\/div>\r\n<\/div>\r\n\r\n\r\n<hr class=\"wp-block-separator\" \/>\r\n\r\n\r\n<p><strong>Uveden\u00e9 IT spolo\u010dnosti<\/strong> bud\u00fa:<\/p>\r\n\r\n\r\n\r\n<ul class=\"wp-block-list\">\r\n<li>participova\u0165 na v\u00fdu\u010dbe svojimi odborn\u00fdmi kapacitami<\/li>\r\n<li>vies\u0165 projekty a z\u00e1vere\u010dn\u00e9 pr\u00e1ce<\/li>\r\n<li>zabezpe\u010dova\u0165 letn\u00e9 praxe<\/li>\r\n<li>podie\u013ea\u0165 sa na letn\u00fdch \u0161kol\u00e1ch<\/li>\r\n<li>zamestn\u00e1va\u0165 absolventov po skon\u010den\u00ed \u0161t\u00fadia<\/li>\r\n<\/ul>\r\n\r\n\r\n<hr class=\"wp-block-separator\" \/>\r\n\r\n\r\n<div style=\"text-align: center;width: 100%;min-height: 1px;flex: 0 0 100%;max-width: 100%;padding: 40px 15px 20px 15px\"><a title=\"UPJ\u0160\" href=\"https:\/\/www.upjs.sk\/?prefferedLang=SK\" target=\"_blank\" rel=\"noopener noreferrer\"><img decoding=\"async\" class=\"\" style=\"height: 92px;text-decoration: none\" src=\"https:\/\/ics.science.upjs.sk\/adui\/wp-content\/uploads\/sites\/10\/2020\/03\/upjs_f.png\" width=\"92\" \/><\/a> <a title=\"PF UPJ\u0160\" href=\"https:\/\/www.upjs.sk\/prirodovedecka-fakulta\/?prefferedLang=SK\" target=\"_blank\" rel=\"noopener noreferrer\"><img decoding=\"async\" style=\"padding: 0px;height: 80px;text-decoration: none\" src=\"https:\/\/ics.science.upjs.sk\/adui\/wp-content\/uploads\/sites\/10\/2019\/10\/upjs-logo.png\" \/><\/a> <a title=\"\u00daMAT\" href=\"https:\/\/www.upjs.sk\/prirodovedecka-fakulta\/ustav\/umv\/\" target=\"_blank\" rel=\"noopener noreferrer\"><img decoding=\"async\" style=\"padding: 0px;height: 80px;text-decoration: none\" src=\"https:\/\/ics.science.upjs.sk\/adui\/wp-content\/uploads\/sites\/10\/2022\/11\/ustav-matematiky_v4_farebna_stvorec.png\" \/><\/a> <a title=\"\u00daINF\" href=\"https:\/\/ics.science.upjs.sk\/\" target=\"_blank\" rel=\"noopener noreferrer\"><img decoding=\"async\" style=\"padding: 0px;height: 80px;text-decoration: none\" src=\"https:\/\/ics.science.upjs.sk\/adui\/wp-content\/uploads\/sites\/10\/2023\/01\/ustav-informatiky_v4_farebna_stvorec.png\" \/><\/a><\/div>\r\n<!-- \/wp:post-content --><!-- \/wp:image --><!-- \/wp:paragraph --><!-- \/wp:paragraph -->","protected":false},"excerpt":{"rendered":"<p>&nbsp; Uveden\u00e9 IT spolo\u010dnosti bud\u00fa: participova\u0165 na v\u00fdu\u010dbe svojimi odborn\u00fdmi kapacitami vies\u0165 projekty a z\u00e1vere\u010dn\u00e9 pr\u00e1ce zabezpe\u010dova\u0165 letn\u00e9 praxe podie\u013ea\u0165 sa na letn\u00fdch \u0161kol\u00e1ch zamestn\u00e1va\u0165 absolventov po skon\u010den\u00ed \u0161t\u00fadia<\/p>\n","protected":false},"author":9,"featured_media":0,"parent":0,"menu_order":0,"comment_status":"closed","ping_status":"closed","template":"","meta":{"footnotes":""},"class_list":["post-10","page","type-page","status-publish","hentry"],"_links":{"self":[{"href":"https:\/\/ics.science.upjs.sk\/adui\/wp-json\/wp\/v2\/pages\/10","targetHints":{"allow":["GET"]}}],"collection":[{"href":"https:\/\/ics.science.upjs.sk\/adui\/wp-json\/wp\/v2\/pages"}],"about":[{"href":"https:\/\/ics.science.upjs.sk\/adui\/wp-json\/wp\/v2\/types\/page"}],"author":[{"embeddable":true,"href":"https:\/\/ics.science.upjs.sk\/adui\/wp-json\/wp\/v2\/users\/9"}],"replies":[{"embeddable":true,"href":"https:\/\/ics.science.upjs.sk\/adui\/wp-json\/wp\/v2\/comments?post=10"}],"version-history":[{"count":43,"href":"https:\/\/ics.science.upjs.sk\/adui\/wp-json\/wp\/v2\/pages\/10\/revisions"}],"predecessor-version":[{"id":1607,"href":"https:\/\/ics.science.upjs.sk\/adui\/wp-json\/wp\/v2\/pages\/10\/revisions\/1607"}],"wp:attachment":[{"href":"https:\/\/ics.science.upjs.sk\/adui\/wp-json\/wp\/v2\/media?parent=10"}],"curies":[{"name":"wp","href":"https:\/\/api.w.org\/{rel}","templated":true}]}}